{"id":195,"date":"2025-06-13T14:41:30","date_gmt":"2025-06-13T14:41:30","guid":{"rendered":"https:\/\/www.tallerlanchares.es\/?page_id=195"},"modified":"2025-09-02T08:27:41","modified_gmt":"2025-09-02T08:27:41","slug":"quienes-somos","status":"publish","type":"page","link":"https:\/\/www.tallerlanchares.es\/index.php\/quienes-somos\/","title":{"rendered":"Quienes somos"},"content":{"rendered":"<div data-colibri-id=\"195-c1\" class=\"style-422 style-local-195-c1 position-relative\">\n  <!---->\n  <div data-colibri-component=\"section\" data-colibri-id=\"195-c2\" id=\"custom\" class=\"h-section h-section-global-spacing d-flex align-items-lg-center align-items-md-center align-items-center style-423 style-local-195-c2 position-relative\">\n    <!---->\n    <!---->\n    <div class=\"h-section-grid-container h-section-boxed-container\">\n      <!---->\n      <div data-colibri-id=\"195-c3\" class=\"h-row-container gutters-row-lg-2 gutters-row-md-2 gutters-row-0 gutters-row-v-lg-2 gutters-row-v-md-2 gutters-row-v-2 style-433 style-local-195-c3 position-relative\">\n        <!---->\n        <div class=\"h-row justify-content-lg-center justify-content-md-center justify-content-center align-items-lg-stretch align-items-md-stretch align-items-stretch gutters-col-lg-2 gutters-col-md-2 gutters-col-0 gutters-col-v-lg-2 gutters-col-v-md-2 gutters-col-v-2\">\n          <!---->\n          <div class=\"h-column h-column-container d-flex h-col-lg-auto h-col-md-auto h-col-auto style-434-outer style-local-195-c4-outer\">\n            <div data-colibri-id=\"195-c4\" class=\"d-flex h-flex-basis h-column__inner h-px-lg-2 h-px-md-2 h-px-2 v-inner-lg-2 v-inner-md-2 v-inner-2 style-434 style-local-195-c4 position-relative\">\n              <!---->\n              <!---->\n              <div class=\"w-100 h-y-container h-column__content h-column__v-align flex-basis-100 align-self-lg-start align-self-md-start align-self-start\">\n                <!---->\n                <div data-colibri-id=\"195-c5\" class=\"h-text h-text-component style-441 style-local-195-c5 position-relative h-element\">\n                  <!---->\n                  <!---->\n                  <div class=\"\">\n                    <h3><strong>Arancha Lanchares Barrasa<\/strong><\/h3>\n                    <p><strong>Dise\u00f1adora de interiores<\/strong><\/p>\n                    <p>Desde muy joven descubr\u00ed que mi verdadera pasi\u00f3n estaba en la pintura y en la ense\u00f1anza. Aunque me form\u00e9 en dise\u00f1o de interiores, pronto entend\u00ed que mi camino era otro, y decid\u00ed dedicarme de lleno al arte. Durante a\u00f1os asist\u00ed a cursos\n                      intensivos con reconocidos artistas locales, nacionales e internacionales, lo que me permiti\u00f3 crecer, aprender y encontrar mi propio lenguaje creativo.<\/p>\n                    <p>La docencia siempre ha sido parte fundamental de mi vida. Comenc\u00e9 impartiendo clases en asociaciones y fundaciones, hasta que hace m\u00e1s de 20 a\u00f1os abr\u00ed mi propia academia. Hoy se ha convertido en una empresa familiar donde trabajamos\n                      mis dos hijas y yo, compartiendo la pasi\u00f3n por el arte y transmiti\u00e9ndola a nuestros alumnos.<\/p>\n                    <p>En nuestra academia organizamos cursos intensivos de pintura con especialistas de distintas disciplinas, venidos tanto de Espa\u00f1a como del extranjero. Tambi\u00e9n promovemos eventos art\u00edsticos y exposiciones temporales que enriquecen la\n                      vida cultural de nuestro entorno.<\/p>\n                    <p>Adem\u00e1s de la ense\u00f1anza, desarrollo mi propia obra art\u00edstica. Pinto por encargo y tambi\u00e9n por puro placer personal, explorando diferentes t\u00e9cnicas como el \u00f3leo, el acr\u00edlico y las t\u00e9cnicas mixtas. Mi estilo es figurativo, con un aire\n                      melanc\u00f3lico que refleja mi manera de entender la vida y el arte.<\/p>\n                  <\/div>\n                <\/div>\n                <div data-colibri-id=\"195-c6\" class=\"h-x-container style-456 style-local-195-c6 position-relative h-element\">\n                  <!---->\n                  <div class=\"h-x-container-inner style-dynamic-195-c6-group style-456-spacing style-local-195-c6-spacing\"><span class=\"h-link__outer style-457-outer style-local-195-c7-outer d-inline-flex h-element\"><a h-use-smooth-scroll=\"true\" href=\"https:\/\/www.instagram.com\/arancha1961\/\"  data-colibri-id=\"195-c7\" class=\"d-flex w-100 align-items-center h-link style-457 style-local-195-c7 position-relative\"><!----><span  class=\"h-svg-icon h-link__icon style-457-icon style-local-195-c7-icon\"><!--Icon by Socicon (http:\/\/www.socicon.com)--><svg version=\"1.1\" xmlns=\"http:\/\/www.w3.org\/2000\/svg\" viewBox=\"0 0 1500 1500\">\n\n<path d=\"M750 134.766c202.148 0 222.656 2.93 301.758 5.859 76.172 2.93 114.258 14.648 140.625 23.438 35.156 14.648 61.523 32.227 84.961 55.664 26.367 26.367 43.945 52.734 55.664 84.961 11.719 29.297 23.438 67.383 26.367 140.625 2.93 82.031 5.859 102.539 5.859 304.688s-2.93 222.656-5.859 301.758c-2.93 76.172-14.648 114.258-23.438 140.625-14.648 35.156-32.227 61.523-55.664 84.961-26.367 26.367-52.734 43.945-84.961 55.664-29.297 11.719-67.383 23.438-140.625 26.367-82.031 2.93-102.539 5.859-304.688 5.859s-222.656-2.93-301.758-5.859c-76.172-2.93-114.258-14.648-140.625-23.438-35.156-14.648-61.523-32.227-84.961-55.664-26.367-26.367-43.945-52.734-55.664-84.961-11.719-29.297-23.438-67.383-26.367-140.625-2.93-82.031-5.859-102.539-5.859-304.688s2.93-222.656 5.859-301.758c2.93-76.172 14.648-114.258 23.438-140.625 14.648-35.156 32.227-61.523 55.664-84.961 26.367-26.367 52.734-43.945 84.961-55.664 29.297-11.719 67.383-23.438 140.625-26.367 82.031-2.93 102.539-5.859 304.688-5.859M750 0c-205.078 0-228.516 2.93-307.617 5.859-82.031 2.93-137.695 14.648-181.641 32.227-49.805 20.508-93.75 46.875-134.766 87.891s-67.383 84.961-87.891 134.766c-17.578 46.875-29.297 99.609-32.227 181.641-2.93 79.102-5.859 102.539-5.859 307.617s2.93 228.516 5.859 307.617c2.93 82.031 14.648 137.695 32.227 181.641 20.508 49.805 46.875 93.75 87.891 134.766s84.961 67.383 134.766 87.891c46.875 17.578 99.609 29.297 181.641 32.227 79.102 2.93 102.539 5.859 307.617 5.859s228.516-2.93 307.617-5.859c82.031-2.93 137.695-14.648 181.641-32.227 49.805-20.508 93.75-46.875 134.766-87.891s67.383-84.961 87.891-134.766c17.578-46.875 29.297-99.609 32.227-181.641 2.93-79.102 5.859-102.539 5.859-307.617s-2.93-228.516-5.859-307.617c-2.93-82.031-14.648-137.695-32.227-181.641-20.508-49.805-46.875-93.75-87.891-134.766s-84.961-67.383-134.766-87.891c-46.875-17.578-99.609-29.297-181.641-32.227-79.102-2.93-102.539-5.859-307.617-5.859zM750 363.281c-213.867 0-386.719 172.852-386.719 386.719s172.852 386.719 386.719 386.719c213.867 0 386.719-172.852 386.719-386.719s-172.852-386.719-386.719-386.719zM750 1001.953c-137.695 0-251.953-114.258-251.953-251.953s114.258-251.953 251.953-251.953c137.695 0 251.953 114.258 251.953 251.953s-114.258 251.953-251.953 251.953zM1239.258 348.633c0 49.805-38.086 90.82-87.891 90.82s-90.82-41.016-90.82-90.82c0-49.805 41.016-87.891 90.82-87.891s87.891 38.086 87.891 87.891z\"><\/path>\n<\/svg>\n<\/span> <span><\/span><\/a>\n                    <\/span>\n                  <\/div>\n                <\/div>\n              <\/div>\n            <\/div>\n          <\/div>\n          <div class=\"h-column h-column-container d-flex h-col-lg-auto h-col-md-auto h-col-auto style-435-outer style-local-195-c8-outer\">\n            <div data-colibri-id=\"195-c8\" class=\"d-flex h-flex-basis h-column__inner h-px-lg-2 h-px-md-2 h-px-2 v-inner-lg-2 v-inner-md-2 v-inner-2 style-435 style-local-195-c8 position-relative\">\n              <!---->\n              <!---->\n              <div class=\"w-100 h-y-container h-column__content h-column__v-align flex-basis-100 align-self-lg-center align-self-md-center align-self-center\">\n                <!---->\n                <div data-colibri-id=\"195-c9\" class=\"d-block style-452 style-local-195-c9 position-relative h-element\">\n                  <!---->\n                  <div class=\"h-image__frame-container-outer\">\n                    <div class=\"h-image__frame-container\">\n                      <!---->\n                      <!---->\n                      <img loading=\"lazy\" decoding=\"async\" width=\"1177\" height=\"1163\" src=\"https:\/\/www.tallerlanchares.es\/wp-content\/uploads\/2025\/06\/cropped-cropped-IMG_5204-scaled-1.png\" class=\"wp-image-947 style-452-image style-local-195-c9-image\" alt=\"\" srcset=\"https:\/\/www.tallerlanchares.es\/wp-content\/uploads\/2025\/06\/cropped-cropped-IMG_5204-scaled-1.png 1177w, https:\/\/www.tallerlanchares.es\/wp-content\/uploads\/2025\/06\/cropped-cropped-IMG_5204-scaled-1-300x296.png 300w, https:\/\/www.tallerlanchares.es\/wp-content\/uploads\/2025\/06\/cropped-cropped-IMG_5204-scaled-1-1024x1012.png 1024w, https:\/\/www.tallerlanchares.es\/wp-content\/uploads\/2025\/06\/cropped-cropped-IMG_5204-scaled-1-768x759.png 768w\" sizes=\"auto, (max-width: 1177px) 100vw, 1177px\" \/>\n                      <div class=\"h-image__frame h-hide-lg h-hide-md h-hide-sm style-452-frameImage style-local-195-c9-frameImage\"><\/div>\n                    <\/div>\n                  <\/div>\n                <\/div>\n              <\/div>\n            <\/div>\n          <\/div>\n        <\/div>\n      <\/div>\n      <div data-colibri-id=\"195-c10\" class=\"h-row-container gutters-row-lg-2 gutters-row-md-2 gutters-row-0 gutters-row-v-lg-2 gutters-row-v-md-2 gutters-row-v-2 style-424 style-local-195-c10 position-relative\">\n        <!---->\n        <div class=\"h-row justify-content-lg-center justify-content-md-center justify-content-center align-items-lg-stretch align-items-md-stretch align-items-stretch gutters-col-lg-2 gutters-col-md-2 gutters-col-0 gutters-col-v-lg-2 gutters-col-v-md-2 gutters-col-v-2\">\n          <!---->\n          <div class=\"h-column h-column-container d-flex h-col-lg-auto h-col-md-auto h-col-auto style-425-outer style-local-195-c11-outer\">\n            <div data-colibri-id=\"195-c11\" class=\"d-flex h-flex-basis h-column__inner h-px-lg-2 h-px-md-2 h-px-2 v-inner-lg-2 v-inner-md-2 v-inner-2 style-425 style-local-195-c11 position-relative\">\n              <!---->\n              <!---->\n              <div class=\"w-100 h-y-container h-column__content h-column__v-align flex-basis-100 align-self-lg-center align-self-md-center align-self-center\">\n                <!---->\n                <div data-colibri-id=\"195-c12\" class=\"d-block style-427 style-local-195-c12 position-relative h-element\">\n                  <!---->\n                  <div class=\"h-image__frame-container-outer\">\n                    <div class=\"h-image__frame-container\">\n                      <!---->\n                      <!---->\n                      <img loading=\"lazy\" decoding=\"async\" width=\"1574\" height=\"2079\" src=\"https:\/\/www.tallerlanchares.es\/wp-content\/uploads\/2025\/06\/cropped-cropped-IMG_5704-scaled-1.jpg\" class=\"wp-image-1133 style-427-image style-local-195-c12-image\" alt=\"\" srcset=\"https:\/\/www.tallerlanchares.es\/wp-content\/uploads\/2025\/06\/cropped-cropped-IMG_5704-scaled-1.jpg 1574w, https:\/\/www.tallerlanchares.es\/wp-content\/uploads\/2025\/06\/cropped-cropped-IMG_5704-scaled-1-227x300.jpg 227w, https:\/\/www.tallerlanchares.es\/wp-content\/uploads\/2025\/06\/cropped-cropped-IMG_5704-scaled-1-775x1024.jpg 775w, https:\/\/www.tallerlanchares.es\/wp-content\/uploads\/2025\/06\/cropped-cropped-IMG_5704-scaled-1-768x1014.jpg 768w, https:\/\/www.tallerlanchares.es\/wp-content\/uploads\/2025\/06\/cropped-cropped-IMG_5704-scaled-1-1163x1536.jpg 1163w, https:\/\/www.tallerlanchares.es\/wp-content\/uploads\/2025\/06\/cropped-cropped-IMG_5704-scaled-1-1551x2048.jpg 1551w\" sizes=\"auto, (max-width: 1574px) 100vw, 1574px\" \/>\n                      <div class=\"h-image__frame h-hide-lg h-hide-md h-hide-sm style-427-frameImage style-local-195-c12-frameImage\"><\/div>\n                    <\/div>\n                  <\/div>\n                <\/div>\n                <div data-colibri-id=\"195-c13\" class=\"h-x-container style-439 style-local-195-c13 position-relative h-element\">\n                  <!---->\n                  <div class=\"h-x-container-inner style-dynamic-195-c13-group style-439-spacing style-local-195-c13-spacing\"><span class=\"h-link__outer style-440-outer style-local-195-c14-outer d-inline-flex h-element\"><a h-use-smooth-scroll=\"true\" href=\"https:\/\/www.instagram.com\/vamala___\/\"  data-colibri-id=\"195-c14\" class=\"d-flex w-100 align-items-center h-link style-440 style-local-195-c14 position-relative\"><!----><!----> <span><\/span><\/a>\n                    <\/span>\n                  <\/div>\n                <\/div>\n              <\/div>\n            <\/div>\n          <\/div>\n          <div class=\"h-column h-column-container d-flex h-col-lg-auto h-col-md-auto h-col-auto style-426-outer style-local-195-c15-outer\">\n            <div data-colibri-id=\"195-c15\" class=\"d-flex h-flex-basis h-column__inner h-px-lg-2 h-px-md-2 h-px-2 v-inner-lg-2 v-inner-md-2 v-inner-2 style-426 style-local-195-c15 position-relative\">\n              <!---->\n              <!---->\n              <div class=\"w-100 h-y-container h-column__content h-column__v-align flex-basis-100 align-self-lg-center align-self-md-center align-self-center\">\n                <!---->\n                <div data-colibri-id=\"195-c16\" class=\"h-text h-text-component style-428 style-local-195-c16 position-relative h-element\">\n                  <!---->\n                  <!---->\n                  <div class=\"\">\n                    <h3><strong><br>Valeria Mart\u00ednez Lanchares<\/strong><\/h3>\n                    <p><strong>Ilustradora naturalista, amante de la fot\u00f3graf\u00eda y dise\u00f1adora de moda<\/strong><\/p>\n                    <p>Docente en nuestra academia, Valeria es dise\u00f1adora de moda y artista visual con una profunda conexi\u00f3n con la naturaleza. Especializada en ilustraci\u00f3n naturalista, combina pintura y fotograf\u00eda para explorar los peque\u00f1os detalles del\n                      mundo natural: paisajes, texturas, luces, animales y escenas cotidianas.<\/p>\n                    <p>A trav\u00e9s de su proyecto personal <em>Vamala<\/em>, ha creado un lenguaje visual po\u00e9tico que invita a detenerse, observar y sentir. Su filosof\u00eda es clara: la naturaleza es un poema visual, y su arte una forma de traducirlo.<\/p>\n                    <p>Ha participado en tres ediciones de la feria de arte del Museo W\u00fcrth La Rioja, ha expuesto su obra en su propio taller y tambi\u00e9n en la galer\u00eda F\u00facar 22 de Madrid. Adem\u00e1s de impartir clases regulares en su academia, ha llevado sus talleres\n                      a otros espacios, incluyendo encuentros art\u00edsticos en los Pirineos.<\/p>\n                    <p>Con una mirada sensible y formativa, Valeria gu\u00eda a sus alumnos\/as a descubrir su propia voz creativa, fomentando la observaci\u00f3n, la t\u00e9cnica y, sobre todo, el v\u00ednculo emocional con el arte.<span style=\"font-size: 13px;\">\ufeff<\/span><\/p>\n                  <\/div>\n                <\/div>\n                <div data-colibri-id=\"195-c17\" class=\"h-x-container style-521 style-local-195-c17 position-relative h-element\">\n                  <!---->\n                  <div class=\"h-x-container-inner style-dynamic-195-c17-group style-521-spacing style-local-195-c17-spacing\"><span class=\"h-link__outer style-522-outer style-local-195-c18-outer d-inline-flex h-element\"><a h-use-smooth-scroll=\"true\" href=\"https:\/\/www.instagram.com\/vamala___\/\"  data-colibri-id=\"195-c18\" class=\"d-flex w-100 align-items-center h-link style-522 style-local-195-c18 position-relative\"><!----><span  class=\"h-svg-icon h-link__icon style-522-icon style-local-195-c18-icon\"><!--Icon by Font Awesome (https:\/\/fontawesome.com)-->\n    <svg version=\"1.1\" xmlns=\"http:\/\/www.w3.org\/2000\/svg\" xmlns:xlink=\"http:\/\/www.w3.org\/1999\/xlink\" id=\"instagram\" viewBox=\"0 0 1536 1896.0833\">\n      <path d=\"M1024 896q0-106-75-181t-181-75-181 75-75 181 75 181 181 75 181-75 75-181zm138 0q0 164-115 279t-279 115-279-115-115-279 115-279 279-115 279 115 115 279zm108-410q0 38-27 65t-65 27-65-27-27-65 27-65 65-27 65 27 27 65zM768 266q-7 0-76.5-.5t-105.5 0-96.5 3-103 10T315 297q-50 20-88 58t-58 88q-11 29-18.5 71.5t-10 103-3 96.5 0 105.5.5 76.5-.5 76.5 0 105.5 3 96.5 10 103T169 1349q20 50 58 88t88 58q29 11 71.5 18.5t103 10 96.5 3 105.5 0 76.5-.5 76.5.5 105.5 0 96.5-3 103-10 71.5-18.5q50-20 88-58t58-88q11-29 18.5-71.5t10-103 3-96.5 0-105.5-.5-76.5.5-76.5 0-105.5-3-96.5-10-103T1367 443q-20-50-58-88t-88-58q-29-11-71.5-18.5t-103-10-96.5-3-105.5 0-76.5.5zm768 630q0 229-5 317-10 208-124 322t-322 124q-88 5-317 5t-317-5q-208-10-322-124T5 1213q-5-88-5-317t5-317q10-208 124-322t322-124q88-5 317-5t317 5q208 10 322 124t124 322q5 88 5 317z\"><\/path>\n    <\/svg><\/span> <span><\/span><\/a>\n                    <\/span>\n                  <\/div>\n                <\/div>\n              <\/div>\n            <\/div>\n          <\/div>\n        <\/div>\n      <\/div>\n      <div data-colibri-id=\"195-c19\" class=\"h-row-container gutters-row-lg-2 gutters-row-md-2 gutters-row-0 gutters-row-v-lg-2 gutters-row-v-md-2 gutters-row-v-2 style-442 style-local-195-c19 position-relative\">\n        <!---->\n        <div class=\"h-row justify-content-lg-center justify-content-md-center justify-content-center align-items-lg-stretch align-items-md-stretch align-items-stretch gutters-col-lg-2 gutters-col-md-2 gutters-col-0 gutters-col-v-lg-2 gutters-col-v-md-2 gutters-col-v-2\">\n          <!---->\n          <div class=\"h-column h-column-container d-flex h-col-lg-auto h-col-md-auto h-col-auto style-443-outer style-local-195-c20-outer\">\n            <div data-colibri-id=\"195-c20\" class=\"d-flex h-flex-basis h-column__inner h-px-lg-2 h-px-md-2 h-px-2 v-inner-lg-2 v-inner-md-2 v-inner-2 style-443 style-local-195-c20 position-relative\">\n              <!---->\n              <!---->\n              <div class=\"w-100 h-y-container h-column__content h-column__v-align flex-basis-100 align-self-lg-start align-self-md-start align-self-start\">\n                <!---->\n                <div data-colibri-id=\"195-c21\" class=\"h-text h-text-component style-445 style-local-195-c21 position-relative h-element\">\n                  <!---->\n                  <!---->\n                  <div class=\"\">\n                    <h3><strong><br>Raquel Mart\u00ednez Lanchares<\/strong><\/h3>\n                    <p><strong>Licenciada en Bellas Artes<\/strong><\/p>\n                    <p>Desde que tengo memoria, el arte ha sido mi forma de mirar el mundo. Me licenci\u00e9 en Bellas Artes en la Universidad de Leioa, continu\u00e9 mi formaci\u00f3n con un M\u00e1ster en Ilustraci\u00f3n en Barcelona, y complet\u00e9 mi vocaci\u00f3n docente con el M\u00e1ster\n                      en Educaci\u00f3n Secundaria en la especialidad de Arte.<\/p>\n                    <p>\n                      <br>\n                    <\/p>\n                    <p>Mi gran pasi\u00f3n es el dibujo y la pintura, especialmente la t\u00e9cnica del pastel, donde encuentro la sutileza, la emoci\u00f3n y la textura que me permiten dar vida a cada trazo. Actualmente, combino la ense\u00f1anza como profesora de pintura\n                      con la creaci\u00f3n de retratos por encargo, donde cada obra busca capturar no solo una imagen, sino una presencia.<\/p>\n                  <\/div>\n                <\/div>\n                <div data-colibri-id=\"195-c22\" class=\"h-x-container style-513 style-local-195-c22 position-relative h-element\">\n                  <!---->\n                  <div class=\"h-x-container-inner style-dynamic-195-c22-group style-513-spacing style-local-195-c22-spacing\"><span class=\"h-link__outer style-514-outer style-local-195-c23-outer d-inline-flex h-element\"><a h-use-smooth-scroll=\"true\" href=\"https:\/\/www.instagram.com\/raqmart3\/\"  data-colibri-id=\"195-c23\" class=\"d-flex w-100 align-items-center h-link style-514 style-local-195-c23 position-relative\"><!----><span  class=\"h-svg-icon h-link__icon style-514-icon style-local-195-c23-icon\"><!--Icon by Font Awesome (https:\/\/fontawesome.com)-->\n    <svg version=\"1.1\" xmlns=\"http:\/\/www.w3.org\/2000\/svg\" xmlns:xlink=\"http:\/\/www.w3.org\/1999\/xlink\" id=\"instagram\" viewBox=\"0 0 1536 1896.0833\">\n      <path d=\"M1024 896q0-106-75-181t-181-75-181 75-75 181 75 181 181 75 181-75 75-181zm138 0q0 164-115 279t-279 115-279-115-115-279 115-279 279-115 279 115 115 279zm108-410q0 38-27 65t-65 27-65-27-27-65 27-65 65-27 65 27 27 65zM768 266q-7 0-76.5-.5t-105.5 0-96.5 3-103 10T315 297q-50 20-88 58t-58 88q-11 29-18.5 71.5t-10 103-3 96.5 0 105.5.5 76.5-.5 76.5 0 105.5 3 96.5 10 103T169 1349q20 50 58 88t88 58q29 11 71.5 18.5t103 10 96.5 3 105.5 0 76.5-.5 76.5.5 105.5 0 96.5-3 103-10 71.5-18.5q50-20 88-58t58-88q11-29 18.5-71.5t10-103 3-96.5 0-105.5-.5-76.5.5-76.5 0-105.5-3-96.5-10-103T1367 443q-20-50-58-88t-88-58q-29-11-71.5-18.5t-103-10-96.5-3-105.5 0-76.5.5zm768 630q0 229-5 317-10 208-124 322t-322 124q-88 5-317 5t-317-5q-208-10-322-124T5 1213q-5-88-5-317t5-317q10-208 124-322t322-124q88-5 317-5t317 5q208 10 322 124t124 322q5 88 5 317z\"><\/path>\n    <\/svg><\/span> <span><\/span><\/a>\n                    <\/span>\n                  <\/div>\n                <\/div>\n              <\/div>\n            <\/div>\n          <\/div>\n          <div class=\"h-column h-column-container d-flex h-col-lg-auto h-col-md-auto h-col-auto style-444-outer style-local-195-c24-outer\">\n            <div data-colibri-id=\"195-c24\" class=\"d-flex h-flex-basis h-column__inner h-px-lg-2 h-px-md-2 h-px-2 v-inner-lg-2 v-inner-md-2 v-inner-2 style-444 style-local-195-c24 position-relative\">\n              <!---->\n              <!---->\n              <div class=\"w-100 h-y-container h-column__content h-column__v-align flex-basis-100 align-self-lg-center align-self-md-center align-self-center\">\n                <!---->\n                <div data-colibri-id=\"195-c25\" class=\"d-block style-446 style-local-195-c25 position-relative h-element\">\n                  <!---->\n                  <div class=\"h-image__frame-container-outer\">\n                    <div class=\"h-image__frame-container\">\n                      <!---->\n                      <!---->\n                      <img loading=\"lazy\" decoding=\"async\" width=\"1287\" height=\"1475\" src=\"https:\/\/www.tallerlanchares.es\/wp-content\/uploads\/2025\/06\/cropped-IMG_5203.jpg\" class=\"wp-image-881 style-446-image style-local-195-c25-image\" alt=\"\" srcset=\"https:\/\/www.tallerlanchares.es\/wp-content\/uploads\/2025\/06\/cropped-IMG_5203.jpg 1287w, https:\/\/www.tallerlanchares.es\/wp-content\/uploads\/2025\/06\/cropped-IMG_5203-262x300.jpg 262w, https:\/\/www.tallerlanchares.es\/wp-content\/uploads\/2025\/06\/cropped-IMG_5203-893x1024.jpg 893w, https:\/\/www.tallerlanchares.es\/wp-content\/uploads\/2025\/06\/cropped-IMG_5203-768x880.jpg 768w\" sizes=\"auto, (max-width: 1287px) 100vw, 1287px\" \/>\n                      <div class=\"h-image__frame h-hide-lg h-hide-md h-hide-sm style-446-frameImage style-local-195-c25-frameImage\"><\/div>\n                    <\/div>\n                  <\/div>\n                <\/div>\n                <div data-colibri-id=\"195-c26\" class=\"h-x-container style-450 style-local-195-c26 position-relative h-element\">\n                  <!---->\n                  <div class=\"h-x-container-inner style-dynamic-195-c26-group style-450-spacing style-local-195-c26-spacing\"><span class=\"h-link__outer style-451-outer style-local-195-c27-outer d-inline-flex h-element\"><a h-use-smooth-scroll=\"true\" href=\"https:\/\/www.instagram.com\/raqmart3\/\"  data-colibri-id=\"195-c27\" class=\"d-flex w-100 align-items-center h-link style-451 style-local-195-c27 position-relative\"><!----><!----> <span><\/span><\/a>\n                    <\/span>\n                  <\/div>\n                <\/div>\n              <\/div>\n            <\/div>\n          <\/div>\n        <\/div>\n      <\/div>\n    <\/div>\n  <\/div>\n<\/div>","protected":false},"excerpt":{"rendered":"<p>Arancha Lanchares Barrasa Dise\u00f1adora de interiores Desde muy joven descubr\u00ed que mi verdadera [&hellip;]<\/p>\n","protected":false},"author":1,"featured_media":0,"parent":0,"menu_order":0,"comment_status":"closed","ping_status":"closed","template":"page-templates\/full-width-page.php","meta":{"footnotes":""},"class_list":["post-195","page","type-page","status-publish","hentry"],"_links":{"self":[{"href":"https:\/\/www.tallerlanchares.es\/index.php\/wp-json\/wp\/v2\/pages\/195","targetHints":{"allow":["GET"]}}],"collection":[{"href":"https:\/\/www.tallerlanchares.es\/index.php\/wp-json\/wp\/v2\/pages"}],"about":[{"href":"https:\/\/www.tallerlanchares.es\/index.php\/wp-json\/wp\/v2\/types\/page"}],"author":[{"embeddable":true,"href":"https:\/\/www.tallerlanchares.es\/index.php\/wp-json\/wp\/v2\/users\/1"}],"replies":[{"embeddable":true,"href":"https:\/\/www.tallerlanchares.es\/index.php\/wp-json\/wp\/v2\/comments?post=195"}],"version-history":[{"count":20,"href":"https:\/\/www.tallerlanchares.es\/index.php\/wp-json\/wp\/v2\/pages\/195\/revisions"}],"predecessor-version":[{"id":1396,"href":"https:\/\/www.tallerlanchares.es\/index.php\/wp-json\/wp\/v2\/pages\/195\/revisions\/1396"}],"wp:attachment":[{"href":"https:\/\/www.tallerlanchares.es\/index.php\/wp-json\/wp\/v2\/media?parent=195"}],"curies":[{"name":"wp","href":"https:\/\/api.w.org\/{rel}","templated":true}]}}